{"id":81,"date":"2025-07-13T19:03:18","date_gmt":"2025-07-13T22:03:18","guid":{"rendered":"https:\/\/vf2tecnologia.com.br\/?page_id=81"},"modified":"2025-07-26T19:30:45","modified_gmt":"2025-07-26T22:30:45","slug":"sobre-nos","status":"publish","type":"page","link":"https:\/\/vf2tecnologia.com.br\/index.php\/sobre-nos\/","title":{"rendered":"Sobre N\u00f3s"},"content":{"rendered":"\t\t<div data-elementor-type=\"wp-page\" data-elementor-id=\"81\" class=\"elementor elementor-81\" data-elementor-post-type=\"page\">\n\t\t\t\t<div class=\"elementor-element elementor-element-f22eed7 e-flex e-con-boxed e-con e-parent\" data-id=\"f22eed7\" data-element_type=\"container\" data-settings=\"{&quot;background_background&quot;:&quot;classic&quot;}\">\n\t\t\t\t\t<div class=\"e-con-inner\">\n\t\t<div class=\"elementor-element elementor-element-168f1e6 e-con-full e-flex e-con e-child\" data-id=\"168f1e6\" data-element_type=\"container\">\n\t\t\t\t<div class=\"elementor-element elementor-element-3b1a5fb elementor-widget elementor-widget-text-editor\" data-id=\"3b1a5fb\" data-element_type=\"widget\" data-widget_type=\"text-editor.default\">\n\t\t\t\t\t\t\t\t\t<p>Quem Somos?<\/p>\t\t\t\t\t\t\t\t<\/div>\n\t\t\t\t<\/div>\n\t\t<div class=\"elementor-element elementor-element-604669f e-con-full elementor-hidden-mobile e-flex e-con e-child\" data-id=\"604669f\" data-element_type=\"container\">\n\t\t\t\t<\/div>\n\t\t\t\t\t<\/div>\n\t\t\t\t<\/div>\n\t\t<div class=\"elementor-element elementor-element-4a9da9e e-flex e-con-boxed e-con e-parent\" data-id=\"4a9da9e\" data-element_type=\"container\" data-settings=\"{&quot;background_background&quot;:&quot;classic&quot;}\">\n\t\t\t\t\t<div class=\"e-con-inner\">\n\t\t<div class=\"elementor-element elementor-element-f30d53d e-con-full e-flex e-con e-child\" data-id=\"f30d53d\" data-element_type=\"container\">\n\t\t<div class=\"elementor-element elementor-element-c728cef e-con-full e-flex e-con e-child\" data-id=\"c728cef\" data-element_type=\"container\">\n\t\t\t\t<div class=\"elementor-element elementor-element-ec7d31b elementor-widget elementor-widget-image\" data-id=\"ec7d31b\" data-element_type=\"widget\" data-widget_type=\"image.default\">\n\t\t\t\t\t\t\t\t\t\t\t\t\t\t\t<img decoding=\"async\" width=\"136\" height=\"136\" data-src=\"https:\/\/vf2tecnologia.com.br\/wp-content\/uploads\/2025\/07\/VF2_SYMBOL-2-1.png\" class=\"attachment-large size-large wp-image-19 lazyload\" alt=\"\" src=\"data:image\/svg+xml;base64,PHN2ZyB3aWR0aD0iMSIgaGVpZ2h0PSIxIiB4bWxucz0iaHR0cDovL3d3dy53My5vcmcvMjAwMC9zdmciPjwvc3ZnPg==\" style=\"--smush-placeholder-width: 136px; --smush-placeholder-aspect-ratio: 136\/136;\" \/>\t\t\t\t\t\t\t\t\t\t\t\t\t\t\t<\/div>\n\t\t\t\t<\/div>\n\t\t<div class=\"elementor-element elementor-element-dcd4460 e-con-full e-flex e-con e-child\" data-id=\"dcd4460\" data-element_type=\"container\">\n\t\t\t\t<div class=\"elementor-element elementor-element-0b4ca88 elementor-widget elementor-widget-heading\" data-id=\"0b4ca88\" data-element_type=\"widget\" data-widget_type=\"heading.default\">\n\t\t\t\t\t<h2 class=\"elementor-heading-title elementor-size-default\"><b>Tecnologia com prop\u00f3sito:<\/b><\/h2>\t\t\t\t<\/div>\n\t\t\t\t<\/div>\n\t\t\t\t<\/div>\n\t\t<div class=\"elementor-element elementor-element-65b8ea2 e-con-full e-flex e-con e-child\" data-id=\"65b8ea2\" data-element_type=\"container\">\n\t\t\t\t<div class=\"elementor-element elementor-element-d596ed4 elementor-widget elementor-widget-text-editor\" data-id=\"d596ed4\" data-element_type=\"widget\" data-widget_type=\"text-editor.default\">\n\t\t\t\t\t\t\t\t\t<h4><strong>Nossa hist\u00f3ria e compromisso com a educa\u00e7\u00e3o:<\/strong><\/h4><h5>Fundada por especialistas em TI, seguran\u00e7a eletr\u00f4nica e gest\u00e3o p\u00fablica, a <strong>VF2 Tecnologia<\/strong> nasceu da necessidade de levar <strong>inova\u00e7\u00e3o \u00e0s escolas.<\/strong><\/h5><h5>Desenvolvemos uma plataforma web robusta que combina IA, reconhecimento facial e an\u00e1lise de dados para resolver desafios reais: desde a <strong>valida\u00e7\u00e3o autom\u00e1tica de presen\u00e7a<\/strong> at\u00e9 a <strong>preven\u00e7\u00e3o da evas\u00e3o escolar<\/strong> e a a<strong>valia\u00e7\u00e3o dobem-estar socioemocional dos alunos.<\/strong><\/h5><h5><br \/>Nosso objetivo \u00e9 transformar a educa\u00e7\u00e3o em uma experi\u00eancia mais segura, eficiente e acolhedora.<\/h5>\t\t\t\t\t\t\t\t<\/div>\n\t\t\t\t<\/div>\n\t\t\t\t\t<\/div>\n\t\t\t\t<\/div>\n\t\t<div class=\"elementor-element elementor-element-fbd1f91 e-flex e-con-boxed e-con e-parent\" data-id=\"fbd1f91\" data-element_type=\"container\" data-settings=\"{&quot;background_background&quot;:&quot;classic&quot;}\">\n\t\t\t\t\t<div class=\"e-con-inner\">\n\t\t<div class=\"elementor-element elementor-element-9103d39 e-con-full e-flex e-con e-child\" data-id=\"9103d39\" data-element_type=\"container\">\n\t\t<div class=\"elementor-element elementor-element-8cd9847 e-con-full e-flex e-con e-child\" data-id=\"8cd9847\" data-element_type=\"container\">\n\t\t\t\t<div class=\"elementor-element elementor-element-4f7f62e elementor-widget elementor-widget-image\" data-id=\"4f7f62e\" data-element_type=\"widget\" data-widget_type=\"image.default\">\n\t\t\t\t\t\t\t\t\t\t\t\t\t\t\t<img decoding=\"async\" width=\"136\" height=\"136\" data-src=\"https:\/\/vf2tecnologia.com.br\/wp-content\/uploads\/2025\/07\/VF2_SYMBOL_BCO-1.png\" class=\"attachment-large size-large wp-image-60 lazyload\" alt=\"\" src=\"data:image\/svg+xml;base64,PHN2ZyB3aWR0aD0iMSIgaGVpZ2h0PSIxIiB4bWxucz0iaHR0cDovL3d3dy53My5vcmcvMjAwMC9zdmciPjwvc3ZnPg==\" style=\"--smush-placeholder-width: 136px; --smush-placeholder-aspect-ratio: 136\/136;\" \/>\t\t\t\t\t\t\t\t\t\t\t\t\t\t\t<\/div>\n\t\t\t\t<div class=\"elementor-element elementor-element-a54cc4c elementor-widget elementor-widget-heading\" data-id=\"a54cc4c\" data-element_type=\"widget\" data-widget_type=\"heading.default\">\n\t\t\t\t\t<h2 class=\"elementor-heading-title elementor-size-default\">Miss\u00e3o, Vis\u00e3o e Valores<\/h2>\t\t\t\t<\/div>\n\t\t\t\t<\/div>\n\t\t\t\t<\/div>\n\t\t<div class=\"elementor-element elementor-element-39c947a e-con-full e-flex e-con e-child\" data-id=\"39c947a\" data-element_type=\"container\">\n\t\t\t\t<div class=\"elementor-element elementor-element-893e13e elementor-widget elementor-widget-text-editor\" data-id=\"893e13e\" data-element_type=\"widget\" data-widget_type=\"text-editor.default\">\n\t\t\t\t\t\t\t\t\t<p><strong>Miss\u00e3o:<\/strong>\u00a0Desenvolver solu\u00e7\u00f5es tecnol\u00f3gicas que aprimorem a gest\u00e3o educacional, promovendo seguran\u00e7a, efici\u00eancia e cuidado com alunos e educadores.<br \/><br \/><strong>Vis\u00e3o:<\/strong>\u00a0Ser refer\u00eancia nacional em tecnologia aplicada \u00e0 educa\u00e7\u00e3o, com impacto social mensur\u00e1vel.<br \/><br \/><strong>Valores:<\/strong>\u00a0Inova\u00e7\u00e3o com prop\u00f3sito, \u00e9tica, foco no ser humano e seguran\u00e7a dos dados (LGPD).<\/p>\t\t\t\t\t\t\t\t<\/div>\n\t\t\t\t<\/div>\n\t\t\t\t\t<\/div>\n\t\t\t\t<\/div>\n\t\t<div class=\"elementor-element elementor-element-b560aed e-flex e-con-boxed e-con e-parent\" data-id=\"b560aed\" data-element_type=\"container\" data-settings=\"{&quot;background_background&quot;:&quot;classic&quot;}\">\n\t\t\t\t\t<div class=\"e-con-inner\">\n\t\t<div class=\"elementor-element elementor-element-6e5f181 e-con-full e-flex e-con e-child\" data-id=\"6e5f181\" data-element_type=\"container\">\n\t\t<div class=\"elementor-element elementor-element-1adcd38 e-con-full e-flex e-con e-child\" data-id=\"1adcd38\" data-element_type=\"container\">\n\t\t\t\t<div class=\"elementor-element elementor-element-4ee0d87 elementor-widget elementor-widget-image\" data-id=\"4ee0d87\" data-element_type=\"widget\" data-widget_type=\"image.default\">\n\t\t\t\t\t\t\t\t\t\t\t\t\t\t\t<img decoding=\"async\" width=\"136\" height=\"136\" data-src=\"https:\/\/vf2tecnologia.com.br\/wp-content\/uploads\/2025\/07\/VF2_SYMBOL_BCO-1.png\" class=\"attachment-large size-large wp-image-60 lazyload\" alt=\"\" src=\"data:image\/svg+xml;base64,PHN2ZyB3aWR0aD0iMSIgaGVpZ2h0PSIxIiB4bWxucz0iaHR0cDovL3d3dy53My5vcmcvMjAwMC9zdmciPjwvc3ZnPg==\" style=\"--smush-placeholder-width: 136px; --smush-placeholder-aspect-ratio: 136\/136;\" \/>\t\t\t\t\t\t\t\t\t\t\t\t\t\t\t<\/div>\n\t\t\t\t<\/div>\n\t\t<div class=\"elementor-element elementor-element-2f28c2a e-con-full e-flex e-con e-child\" data-id=\"2f28c2a\" data-element_type=\"container\">\n\t\t\t\t<div class=\"elementor-element elementor-element-dd7791f elementor-widget elementor-widget-heading\" data-id=\"dd7791f\" data-element_type=\"widget\" data-widget_type=\"heading.default\">\n\t\t\t\t\t<h2 class=\"elementor-heading-title elementor-size-default\">Quer saber como podemos ajudar sua institui\u00e7\u00e3o? <\/h2>\t\t\t\t<\/div>\n\t\t\t\t<\/div>\n\t\t\t\t<\/div>\n\t\t<div class=\"elementor-element elementor-element-4a7cd19 e-con-full e-flex e-con e-child\" data-id=\"4a7cd19\" data-element_type=\"container\">\n\t\t\t\t<div class=\"elementor-element elementor-element-a58f85f elementor-mobile-align-center elementor-align-center elementor-widget elementor-widget-button\" data-id=\"a58f85f\" data-element_type=\"widget\" data-widget_type=\"button.default\">\n\t\t\t\t\t\t\t\t\t\t<a class=\"elementor-button elementor-button-link elementor-size-sm\" href=\"https:\/\/api.whatsapp.com\/send\/?phone=5541995053183&#038;text=Ol%C3%A1+%2AVF2+Tecnologia%2A%21+Preciso+de+mais+informa%C3%A7%C3%B5es+sobre+VF2+Tecnologia+https%3A%2F%2Fvf2tecnologia.com.br%2F&#038;type=phone_number&#038;app_absent=0\">\n\t\t\t\t\t\t<span class=\"elementor-button-content-wrapper\">\n\t\t\t\t\t\t\t\t\t<span class=\"elementor-button-text\">Fale com nosso time<\/span>\n\t\t\t\t\t<\/span>\n\t\t\t\t\t<\/a>\n\t\t\t\t\t\t\t\t<\/div>\n\t\t\t\t<\/div>\n\t\t\t\t\t<\/div>\n\t\t\t\t<\/div>\n\t\t\t\t<\/div>\n\t\t","protected":false},"excerpt":{"rendered":"<p>Quem Somos? Tecnologia com prop\u00f3sito: Nossa hist\u00f3ria e compromisso com a educa\u00e7\u00e3o: Fundada por especialistas em TI, seguran\u00e7a eletr\u00f4nica e gest\u00e3o p\u00fablica, a VF2 Tecnologia nasceu da necessidade de levar inova\u00e7\u00e3o \u00e0s escolas. Desenvolvemos uma plataforma web robusta que combina IA, reconhecimento facial e an\u00e1lise de dados para resolver desafios reais: desde a valida\u00e7\u00e3o autom\u00e1tica [&hellip;]<\/p>\n","protected":false},"author":1,"featured_media":0,"parent":0,"menu_order":0,"comment_status":"closed","ping_status":"closed","template":"","meta":{"_joinchat":[],"footnotes":""},"class_list":["post-81","page","type-page","status-publish","hentry"],"_links":{"self":[{"href":"https:\/\/vf2tecnologia.com.br\/index.php\/wp-json\/wp\/v2\/pages\/81","targetHints":{"allow":["GET"]}}],"collection":[{"href":"https:\/\/vf2tecnologia.com.br\/index.php\/wp-json\/wp\/v2\/pages"}],"about":[{"href":"https:\/\/vf2tecnologia.com.br\/index.php\/wp-json\/wp\/v2\/types\/page"}],"author":[{"embeddable":true,"href":"https:\/\/vf2tecnologia.com.br\/index.php\/wp-json\/wp\/v2\/users\/1"}],"replies":[{"embeddable":true,"href":"https:\/\/vf2tecnologia.com.br\/index.php\/wp-json\/wp\/v2\/comments?post=81"}],"version-history":[{"count":49,"href":"https:\/\/vf2tecnologia.com.br\/index.php\/wp-json\/wp\/v2\/pages\/81\/revisions"}],"predecessor-version":[{"id":233,"href":"https:\/\/vf2tecnologia.com.br\/index.php\/wp-json\/wp\/v2\/pages\/81\/revisions\/233"}],"wp:attachment":[{"href":"https:\/\/vf2tecnologia.com.br\/index.php\/wp-json\/wp\/v2\/media?parent=81"}],"curies":[{"name":"wp","href":"https:\/\/api.w.org\/{rel}","templated":true}]}}